{"id":900,"date":"2022-01-01T11:56:05","date_gmt":"2022-01-01T11:56:05","guid":{"rendered":"https:\/\/sdg.eydk.org\/?page_id=900"},"modified":"2022-01-27T07:18:40","modified_gmt":"2022-01-27T07:18:40","slug":"home","status":"publish","type":"page","link":"https:\/\/sdg.eydk.org\/tr\/","title":{"rendered":"Home"},"content":{"rendered":"<p>[vc_section full_width=&#8221;stretch_row&#8221; css=&#8221;.vc_custom_1637535553256{margin-top: 0px !important;margin-right: 0px !important;margin-bottom: 0px !important;margin-left: 0px !important;border-top-width: 0px !important;border-right-width: 0px !important;border-bottom-width: 0px !important;border-left-width: 0px !important;padding-top: 0px !important;padding-bottom: 0px !important;background-image: url(https:\/\/sdg.eydk.org\/wp-content\/uploads\/2021\/11\/her-bg.jpg?id=575) !important;background-position: center !important;background-repeat: no-repeat !important;background-size: cover !important;}&#8221; el_id=&#8221;homepage_hero&#8221;][vc_row full_width=&#8221;stretch_row&#8221; full_height=&#8221;yes&#8221; columns_placement=&#8221;bottom&#8221; awb_type=&#8221;video&#8221; awb_image_background_position=&#8221;50% 50%&#8221; awb_video_mobile=&#8221;1&#8243; awb_color=&#8221;rgba(0,0,0,0.3)&#8221; css=&#8221;.vc_custom_1637535693415{margin-top: 0px !important;margin-right: 0px !important;margin-bottom: 0px !important;margin-left: 0px !important;border-top-width: 0px !important;border-right-width: 0px !important;border-bottom-width: 0px !important;border-left-width: 0px !important;padding-top: 0px !important;padding-bottom: 0px !important;}&#8221; awb_image=&#8221;575&#8243; awb_video_mp4=&#8221;https:\/\/sdg.eydk.org\/wp-content\/uploads\/2021\/11\/hero.mp4&#8243; el_class=&#8221;text-right&#8221;][vc_column css=&#8221;.vc_custom_1637441325400{margin-top: 0px !important;margin-right: 0px !important;margin-bottom: 0px !important;margin-left: 0px !important;border-top-width: 0px !important;border-right-width: 0px !important;border-bottom-width: 0px !important;border-left-width: 0px !important;padding-top: 150px !important;padding-right: 0px !important;padding-bottom: 0px !important;padding-left: 0px !important;}&#8221; offset=&#8221;vc_hidden-md vc_hidden-sm vc_hidden-xs&#8221;][\/vc_column][vc_column width=&#8221;7\/12&#8243; css=&#8221;.vc_custom_1637535714198{margin-top: 50px !important;margin-right: 0px !important;margin-bottom: 50px !important;margin-left: 0px !important;padding-top: 0px !important;padding-right: 0px !important;padding-bottom: 0px !important;padding-left: 0px !important;}&#8221; offset=&#8221;vc_col-sm-offset-5&#8243;][vc_custom_heading text=&#8221;S\u00fcrd\u00fcr\u00fclebilir Kalk\u0131nma \u0130\u00e7in<br \/>\nT\u00fcrkiye\u2019deki Yat\u0131r\u0131mlar&#8221; font_container=&#8221;tag:h2|font_size:48px|text_align:right|color:%23ffffff|line_height:1.2&#8243; use_theme_fonts=&#8221;yes&#8221; letter_spacing=&#8221;1&#8243; css=&#8221;.vc_custom_1641053090720{margin-top: 0px !important;margin-right: 0px !important;margin-bottom: 0px !important;margin-left: 0px !important;padding-top: 0px !important;padding-right: 0px !important;padding-bottom: 0px !important;padding-left: 0px !important;}&#8221;][vc_column_text css=&#8221;.vc_custom_1641858129535{margin-top: 10px !important;margin-right: 0px !important;margin-bottom: 20px !important;margin-left: 0px !important;padding-top: 0px !important;padding-right: 0px !important;padding-bottom: 0px !important;padding-left: 0px !important;}&#8221; text_color=&#8221;#ffffff&#8221; font_size=&#8221;16&#8243; line_height=&#8221;24&#8243;]SKA Yat\u0131r\u0131mlar\u0131 T\u00fcrkiye, T\u00fcrkiye&#8217;de s\u00fcrd\u00fcr\u00fclebilir kalk\u0131nmaya katk\u0131da bulunma potansiyeline sahip yat\u0131r\u0131m f\u0131rsatlar\u0131 hakk\u0131nda veri, bilgi ve i\u00e7g\u00f6r\u00fc sa\u011fl\u0131yor. \u00d6nem arz eden SKA&#8217;lar ile uyumlu yat\u0131r\u0131m f\u0131rsatlar\u0131n\u0131 bulabilirsiniz. B\u00f6lgeye, sekt\u00f6re, etki g\u00f6sterge getirisine veya zaman dilimine g\u00f6re filtreleme yaparak ba\u015flayabilirsiniz.[\/vc_column_text][vc_btn title=&#8221;Sekt\u00f6rler&#8221; style=&#8221;outline-custom&#8221; outline_custom_color=&#8221;#ffffff&#8221; outline_custom_hover_background=&#8221;&#8221; outline_custom_hover_text=&#8221;#ffffff&#8221; shape=&#8221;round&#8221; i_align=&#8221;right&#8221; i_icon_fontawesome=&#8221;fas fa-chevron-right&#8221; add_icon=&#8221;true&#8221; link=&#8221;url:https%3A%2F%2Fsdg.eydk.org%2Ftr%2Fsektorler%2F|title:Sectors&#8221; css=&#8221;.vc_custom_1641053407053{margin-top: 5px !important;margin-right: 5px !important;margin-bottom: 5px !important;margin-left: 5px !important;padding-top: 0px !important;padding-right: 0px !important;padding-bottom: 0px !important;padding-left: 0px !important;}&#8221;][vc_btn title=&#8221;Yat\u0131r\u0131m F\u0131rsat\u0131 Alanlar\u0131&#8221; style=&#8221;gradient-custom&#8221; gradient_custom_color_1=&#8221;#e35157&#8243; gradient_custom_color_2=&#8221;#e35157&#8243; shape=&#8221;round&#8221; i_align=&#8221;right&#8221; i_icon_fontawesome=&#8221;fas fa-chevron-right&#8221; add_icon=&#8221;true&#8221; link=&#8221;url:https%3A%2F%2Fsdg.eydk.org%2Ftr%2Fopportunities%2F&#8221; css=&#8221;.vc_custom_1641053431185{margin-top: 5px !important;margin-right: 5px !important;margin-bottom: 5px !important;margin-left: 5px !important;padding-top: 0px !important;padding-right: 0px !important;padding-bottom: 0px !important;padding-left: 0px !important;}&#8221;][\/vc_column][\/vc_row][\/vc_section][vc_section full_width=&#8221;stretch_row&#8221; css=&#8221;.vc_custom_1641038337869{margin-top: 0px !important;margin-right: 0px !important;margin-bottom: 0px !important;margin-left: 0px !important;border-top-width: 0px !important;border-right-width: 0px !important;border-bottom-width: 0px !important;border-left-width: 0px !important;padding-top: 0px !important;padding-bottom: 0px !important;}&#8221;][vc_row full_width=&#8221;stretch_row&#8221; css=&#8221;.vc_custom_1637386444351{margin-top: 0px !important;margin-right: 0px !important;margin-bottom: 0px !important;margin-left: 0px !important;border-top-width: 0px !important;border-right-width: 0px !important;border-bottom-width: 0px !important;border-left-width: 0px !important;padding-top: 0px !important;padding-bottom: 0px !important;}&#8221;][vc_column css=&#8221;.vc_custom_1637386778360{margin-top: 0px !important;margin-right: 0px !important;margin-bottom: 0px !important;margin-left: 0px !important;padding-top: 100px !important;padding-right: 0px !important;padding-bottom: 100px !important;padding-left: 0px !important;}&#8221;][vc_custom_heading text=&#8221;Bu sitede neler yapabilirsiniz?&#8221; font_container=&#8221;tag:h2|font_size:30px|text_align:center|color:rgba(0%2C0%2C0%2C0.9)|line_height:1.5&#8243; use_theme_fonts=&#8221;yes&#8221; css=&#8221;.vc_custom_1641053447268{margin-top: 0px !important;margin-right: 0px !important;margin-bottom: 0px !important;margin-left: 0px !important;padding-top: 0px !important;padding-right: 0px !important;padding-bottom: 0px !important;padding-left: 0px !important;}&#8221;][vc_row_inner css=&#8221;.vc_custom_1637386479383{margin: 0px !important;padding: 0px !important;border: 0px initial !important;}&#8221;][vc_column_inner width=&#8221;1\/3&#8243; css=&#8221;.vc_custom_1637386487056{margin: 0px !important;padding: 5% !important;border: 0px initial !important;}&#8221;][vc_icon type=&#8221;linecons&#8221; icon_linecons=&#8221;vc_li vc_li-search&#8221; color=&#8221;custom&#8221; size=&#8221;lg&#8221; align=&#8221;center&#8221; custom_color=&#8221;#e35157&#8243; css=&#8221;.vc_custom_1637386762159{margin-top: 0px !important;margin-right: 0px !important;margin-bottom: 0px !important;margin-left: 0px !important;padding-top: 0px !important;padding-right: 0px !important;padding-bottom: 0px !important;padding-left: 0px !important;}&#8221;][vc_column_text css=&#8221;.vc_custom_1643267900378{margin-top: 10px !important;margin-right: 0px !important;margin-bottom: 0px !important;margin-left: 0px !important;padding-top: 0px !important;padding-right: 0px !important;padding-bottom: 0px !important;padding-left: 0px !important;}&#8221; text_color=&#8221;rgba(0,0,0,0.85)&#8221; font_size=&#8221;16&#8243; line_height=&#8221;24&#8243;]<\/p>\n<div class=\"archive-description\">\n<div class=\"can-do-row--item item-content\" style=\"text-align: center;\">Derinlemesine ara\u015ft\u0131rma ve payda\u015flar\u0131n anlay\u0131\u015flar\u0131na dair titiz bir metodolojiye dayal\u0131 SKA&#8217;lar\u0131 kapsayan yat\u0131r\u0131m f\u0131rsatlar\u0131n\u0131<\/div>\n<\/div>\n<p>[\/vc_column_text][vc_custom_heading text=&#8221;Tan\u0131mlayabilirsiniz&#8221; font_container=&#8221;tag:h2|font_size:30px|text_align:center|color:rgba(0%2C0%2C0%2C0.9)|line_height:1.5&#8243; use_theme_fonts=&#8221;yes&#8221; css=&#8221;.vc_custom_1641053473236{margin-top: 0px !important;margin-right: 0px !important;margin-bottom: 0px !important;margin-left: 0px !important;padding-top: 0px !important;padding-right: 0px !important;padding-bottom: 0px !important;padding-left: 0px !important;}&#8221;][\/vc_column_inner][vc_column_inner width=&#8221;1\/3&#8243; css=&#8221;.vc_custom_1637386493762{margin: 0px !important;padding: 5% !important;border: 0px initial !important;}&#8221;][vc_icon type=&#8221;linecons&#8221; icon_linecons=&#8221;vc_li vc_li-location&#8221; color=&#8221;custom&#8221; size=&#8221;lg&#8221; align=&#8221;center&#8221; custom_color=&#8221;#e35157&#8243; css=&#8221;.vc_custom_1637386734933{margin-top: 0px !important;margin-right: 0px !important;margin-bottom: 0px !important;margin-left: 0px !important;padding-top: 0px !important;padding-right: 0px !important;padding-bottom: 0px !important;padding-left: 0px !important;}&#8221;][vc_column_text css=&#8221;.vc_custom_1643267905245{margin-top: 10px !important;margin-right: 0px !important;margin-bottom: 0px !important;margin-left: 0px !important;padding-top: 0px !important;padding-right: 0px !important;padding-bottom: 0px !important;padding-left: 0px !important;}&#8221; text_color=&#8221;rgba(0,0,0,0.85)&#8221; font_size=&#8221;16&#8243; line_height=&#8221;24&#8243;]<\/p>\n<p style=\"text-align: center;\">UNDP \u00dclke Ofisleri ve uzman payda\u015flar taraf\u0131ndan \u00fcretilen yerel yat\u0131r\u0131m ve etki verilerinden.<\/p>\n<p>[\/vc_column_text][vc_custom_heading text=&#8221;Faydalanabilirsiniz&#8221; font_container=&#8221;tag:h2|font_size:30px|text_align:center|color:rgba(0%2C0%2C0%2C0.9)|line_height:1.5&#8243; use_theme_fonts=&#8221;yes&#8221; css=&#8221;.vc_custom_1641053504058{margin-top: 0px !important;margin-right: 0px !important;margin-bottom: 0px !important;margin-left: 0px !important;padding-top: 0px !important;padding-right: 0px !important;padding-bottom: 0px !important;padding-left: 0px !important;}&#8221;][\/vc_column_inner][vc_column_inner width=&#8221;1\/3&#8243; css=&#8221;.vc_custom_1637386501420{margin: 0px !important;padding: 5% !important;border: 0px initial !important;}&#8221;][vc_icon type=&#8221;linecons&#8221; icon_linecons=&#8221;vc_li vc_li-clip&#8221; color=&#8221;custom&#8221; size=&#8221;lg&#8221; align=&#8221;center&#8221; custom_color=&#8221;#e35157&#8243; css=&#8221;.vc_custom_1637386745683{margin-top: 0px !important;margin-right: 0px !important;margin-bottom: 0px !important;margin-left: 0px !important;padding-top: 0px !important;padding-right: 0px !important;padding-bottom: 0px !important;padding-left: 0px !important;}&#8221;][vc_column_text css=&#8221;.vc_custom_1643267909813{margin-top: 10px !important;margin-right: 0px !important;margin-bottom: 0px !important;margin-left: 0px !important;padding-top: 0px !important;padding-right: 0px !important;padding-bottom: 0px !important;padding-left: 0px !important;}&#8221; text_color=&#8221;rgba(0,0,0,0.85)&#8221; font_size=&#8221;16&#8243; line_height=&#8221;24&#8243;]<\/p>\n<div class=\"archive-description\">\n<div class=\"can-do-row--item item-content\" style=\"text-align: center;\">\n<div class=\"can-do-row--item item-content\">\n<div class=\"can-do-row--item item-content\">\u00dclke d\u00fczeyindeki yat\u0131r\u0131m f\u0131rsatlar\u0131n\u0131 ve f\u0131rsatlar\u0131n etki potansiyellerini<\/div>\n<\/div>\n<\/div>\n<\/div>\n<p>[\/vc_column_text][vc_custom_heading text=&#8221;\u00d6\u011frenebilirsiniz&#8221; font_container=&#8221;tag:h2|font_size:30px|text_align:center|color:rgba(0%2C0%2C0%2C0.9)|line_height:1.5&#8243; use_theme_fonts=&#8221;yes&#8221; css=&#8221;.vc_custom_1641053531189{margin-top: 0px !important;margin-right: 0px !important;margin-bottom: 0px !important;margin-left: 0px !important;padding-top: 0px !important;padding-right: 0px !important;padding-bottom: 0px !important;padding-left: 0px !important;}&#8221;][\/vc_column_inner][\/vc_row_inner][\/vc_column][\/vc_row][\/vc_section][vc_section full_width=&#8221;stretch_row&#8221; el_id=&#8221;scroll-banner-section&#8221; css=&#8221;.vc_custom_1641038333049{margin-top: 0px !important;margin-right: 0px !important;margin-bottom: 0px !important;margin-left: 0px !important;border-top-width: 0px !important;border-right-width: 0px !important;border-bottom-width: 0px !important;border-left-width: 0px !important;padding-top: 0px !important;padding-bottom: 0px !important;background-color: #ffffff !important;}&#8221;][vc_row full_width=&#8221;stretch_row&#8221; css=&#8221;.vc_custom_1637440800801{margin-top: 0px !important;margin-right: 0px !important;margin-bottom: 0px !important;margin-left: 0px !important;border-top-width: 0px !important;border-right-width: 0px !important;border-bottom-width: 0px !important;border-left-width: 0px !important;padding-top: 0px !important;padding-bottom: 0px !important;}&#8221;][vc_column css=&#8221;.vc_custom_1637443184939{margin-top: 0px !important;margin-right: 0px !important;margin-bottom: 0px !important;margin-left: 0px !important;padding-top: 100px !important;padding-right: 0px !important;padding-bottom: 100px !important;padding-left: 0px !important;}&#8221;][vc_custom_heading text=&#8221;Haberler&#8221; font_container=&#8221;tag:h2|font_size:30px|text_align:center|color:rgba(0%2C0%2C0%2C0.9)|line_height:1.5&#8243; use_theme_fonts=&#8221;yes&#8221; css=&#8221;.vc_custom_1641038431494{margin-top: 0px !important;margin-right: 0px !important;margin-bottom: 30px !important;margin-left: 0px !important;padding-top: 0px !important;padding-right: 0px !important;padding-bottom: 0px !important;padding-left: 0px !important;}&#8221;][vc_basic_grid post_type=&#8221;post&#8221; max_items=&#8221;4&#8243; element_width=&#8221;6&#8243; item=&#8221;436&#8243; grid_id=&#8221;vc_gid:1643267862993-94604bf6-0861-3&#8243; taxonomies=&#8221;188&#8243; css=&#8221;.vc_custom_1637442008965{margin-top: 0px !important;margin-right: 0px !important;margin-bottom: 0px !important;margin-left: 0px !important;padding-top: 0px !important;padding-right: 0px !important;padding-bottom: 0px !important;padding-left: 0px !important;}&#8221;][vc_btn title=&#8221;T\u00fcm Haberler&#8221; style=&#8221;outline-custom&#8221; outline_custom_color=&#8221;#e35157&#8243; outline_custom_hover_background=&#8221;#e35157&#8243; outline_custom_hover_text=&#8221;#ffffff&#8221; shape=&#8221;round&#8221; align=&#8221;center&#8221; i_align=&#8221;right&#8221; i_icon_fontawesome=&#8221;fas fa-chevron-right&#8221; add_icon=&#8221;true&#8221; link=&#8221;url:https%3A%2F%2Fsdg.eydk.org%2Ftr%2Fcategory%2Fhaberler%2F&#8221; css=&#8221;.vc_custom_1641038423902{margin-top: 30px !important;margin-right: 0px !important;margin-bottom: 0px !important;margin-left: 0px !important;border-top-width: 0px !important;border-right-width: 0px !important;border-bottom-width: 0px !important;border-left-width: 0px !important;padding-top: 0px !important;padding-right: 0px !important;padding-bottom: 0px !important;padding-left: 0px !important;}&#8221;][\/vc_column][\/vc_row][\/vc_section]<\/p>\n","protected":false},"excerpt":{"rendered":"<p>[vc_section full_width=&#8221;stretch_row&#8221; css=&#8221;.vc_custom_1637535553256{margin-top: 0px !important;margin-right: 0px !important;margin-bottom: 0px !important;margin-left: 0px !important;border-top-width: 0px !important;border-right-width: 0px !important;border-bottom-width: 0px !important;border-left-width: 0px !important;padding-top: 0px [&hellip;]<\/p>\n","protected":false},"author":1,"featured_media":0,"parent":0,"menu_order":0,"comment_status":"closed","ping_status":"closed","template":"template-homepage.php","meta":{"footnotes":""},"class_list":["post-900","page","type-page","status-publish","hentry"],"_links":{"self":[{"href":"https:\/\/sdg.eydk.org\/tr\/wp-json\/wp\/v2\/pages\/900","targetHints":{"allow":["GET"]}}],"collection":[{"href":"https:\/\/sdg.eydk.org\/tr\/wp-json\/wp\/v2\/pages"}],"about":[{"href":"https:\/\/sdg.eydk.org\/tr\/wp-json\/wp\/v2\/types\/page"}],"author":[{"embeddable":true,"href":"https:\/\/sdg.eydk.org\/tr\/wp-json\/wp\/v2\/users\/1"}],"replies":[{"embeddable":true,"href":"https:\/\/sdg.eydk.org\/tr\/wp-json\/wp\/v2\/comments?post=900"}],"version-history":[{"count":9,"href":"https:\/\/sdg.eydk.org\/tr\/wp-json\/wp\/v2\/pages\/900\/revisions"}],"predecessor-version":[{"id":1129,"href":"https:\/\/sdg.eydk.org\/tr\/wp-json\/wp\/v2\/pages\/900\/revisions\/1129"}],"wp:attachment":[{"href":"https:\/\/sdg.eydk.org\/tr\/wp-json\/wp\/v2\/media?parent=900"}],"curies":[{"name":"wp","href":"https:\/\/api.w.org\/{rel}","templated":true}]}}