{"id":866,"date":"2022-01-01T11:26:43","date_gmt":"2022-01-01T11:26:43","guid":{"rendered":"https:\/\/sdg.eydk.org\/?page_id=866"},"modified":"2022-01-19T01:41:09","modified_gmt":"2022-01-19T01:41:09","slug":"hakkinda","status":"publish","type":"page","link":"https:\/\/sdg.eydk.org\/tr\/hakkinda\/","title":{"rendered":"Hakk\u0131nda"},"content":{"rendered":"<p>[vc_section full_width=&#8221;stretch_row&#8221; css=&#8221;.vc_custom_1641043601904{margin-top: -35px !important;margin-right: 0px !important;margin-bottom: 0px !important;margin-left: 0px !important;border-top-width: 0px !important;border-right-width: 0px !important;border-bottom-width: 0px !important;border-left-width: 0px !important;padding-top: 0px !important;padding-bottom: 0px !important;}&#8221;][vc_row full_width=&#8221;stretch_row_content&#8221; css=&#8221;.vc_custom_1640947899262{margin-top: 0px !important;margin-right: 0px !important;margin-bottom: 0px !important;margin-left: 0px !important;border-top-width: 0px !important;border-right-width: 0px !important;border-bottom-width: 0px !important;border-left-width: 0px !important;padding-top: 0px !important;padding-bottom: 0px !important;background-image: url(https:\/\/sdg.eydk.org\/wp-content\/uploads\/2021\/11\/investment-management-portfolio-diversification-2021-08-29-17-05-04-utc1-1.jpg?id=430) !important;background-position: center !important;background-repeat: no-repeat !important;background-size: cover !important;}&#8221;][vc_column width=&#8221;1\/2&#8243; css=&#8221;.vc_custom_1640947920492{margin-top: 0px !important;margin-right: 0px !important;margin-bottom: 0px !important;margin-left: 0px !important;padding-top: 250px !important;padding-right: 0px !important;padding-bottom: 0px !important;padding-left: 0px !important;}&#8221;][\/vc_column][vc_column width=&#8221;1\/2&#8243; css=&#8221;.vc_custom_1640947895808{margin: 0px !important;padding: 20% !important;background-color: rgba(255,255,255,0.9) !important;*background-color: rgb(255,255,255) !important;}&#8221;][vc_custom_heading text=&#8221;Hakk\u0131nda&#8221; font_container=&#8221;tag:h2|font_size:32px|text_align:center|color:%23e35157|line_height:1.5&#8243; use_theme_fonts=&#8221;yes&#8221; letter_spacing=&#8221;1&#8243; custom_font_weight=&#8221;600&#8243; css=&#8221;.vc_custom_1641036187171{margin-top: 0px !important;margin-right: 0px !important;margin-bottom: 0px !important;margin-left: 0px !important;padding-top: 20px !important;padding-right: 0px !important;padding-bottom: 20px !important;padding-left: 0px !important;}&#8221;][vc_column_text css=&#8221;.vc_custom_1642556467148{margin-top: 0px !important;margin-right: 0px !important;margin-bottom: 0px !important;margin-left: 0px !important;padding-top: 0px !important;padding-right: 0px !important;padding-bottom: 0px !important;padding-left: 0px !important;}&#8221; text_color=&#8221;rgba(0,0,0,0.8)&#8221; links_color=&#8221;#e35157&#8243; links_color_hover=&#8221;#000000&#8243; font_size=&#8221;16&#8243; line_height=&#8221;24&#8243;]Birle\u015fmi\u015f Milletler Kalk\u0131nma Program\u0131\u2019n\u0131n (UNDP) finansal deste\u011fiyle ve Etki Yat\u0131r\u0131m\u0131 Dan\u0131\u015fma Kurulu T\u00fcrkiye (EYDK) i\u015f birli\u011fiyle olu\u015fturulan SKA Yat\u0131r\u0131mlar\u0131 T\u00fcrkiye Platformu, SKA\u2019lar\u0131n ger\u00e7ekle\u015ftirilmesinde \u00f6zel sekt\u00f6r finans kaynaklar\u0131n\u0131 harekete ge\u00e7irmeye ve etki yaratan yat\u0131r\u0131mlara odaklan\u0131yor. Platform; yat\u0131r\u0131mc\u0131lar ve i\u015fletmelere SKA&#8217;lara ula\u015f\u0131lmas\u0131na y\u00f6nelik katk\u0131lar\u0131n\u0131 do\u011frulamak ve T\u00fcrkiye&#8217;deki SKA yat\u0131r\u0131m f\u0131rsatlar\u0131n\u0131 belirlemek i\u00e7in gereken birle\u015fik standartlar\u0131, ara\u00e7lar\u0131, hizmetleri ve iyi uygulamalar\u0131 sunmay\u0131 ama\u00e7l\u0131yor.[\/vc_column_text][\/vc_column][\/vc_row][vc_row full_width=&#8221;stretch_row&#8221; css=&#8221;.vc_custom_1640947196147{margin-top: 0px !important;margin-right: 0px !important;margin-bottom: 0px !important;margin-left: 0px !important;border-top-width: 0px !important;border-right-width: 0px !important;border-bottom-width: 0px !important;border-left-width: 0px !important;padding-top: 0px !important;padding-bottom: 0px !important;}&#8221;][vc_column css=&#8221;.vc_custom_1640947970996{margin: 0px !important;padding: 5% !important;}&#8221;][vc_custom_heading text=&#8221;Bu site kimin i\u00e7indir?&#8221; font_container=&#8221;tag:h2|font_size:32px|text_align:center|color:%23e35157|line_height:1.5&#8243; use_theme_fonts=&#8221;yes&#8221; letter_spacing=&#8221;1&#8243; custom_font_weight=&#8221;600&#8243; css=&#8221;.vc_custom_1641036213427{margin-top: 0px !important;margin-right: 0px !important;margin-bottom: 0px !important;margin-left: 0px !important;padding-top: 20px !important;padding-right: 0px !important;padding-bottom: 0px !important;padding-left: 0px !important;}&#8221;][vc_column_text css=&#8221;.vc_custom_1641903847502{margin-top: 0px !important;margin-right: 0px !important;margin-bottom: 30px !important;margin-left: 0px !important;padding-top: 0px !important;padding-right: 0px !important;padding-bottom: 0px !important;padding-left: 0px !important;}&#8221; text_color=&#8221;rgba(0,0,0,0.8)&#8221; links_color=&#8221;#e35157&#8243; links_color_hover=&#8221;#000000&#8243; font_size=&#8221;16&#8243; line_height=&#8221;24&#8243;]<\/p>\n<p style=\"text-align: center;\"><strong>SKA Yat\u0131r\u0131mc\u0131 Platformu T\u00fcrkiye bu ki\u015filer i\u00e7indir:<\/strong><\/p>\n<p style=\"text-align: center;\"><strong>\u00a0<\/strong><\/p>\n<p>[\/vc_column_text][aone_features features_per_row_desktop=&#8221;4&#8243; features_per_row_tablet=&#8221;4&#8243; features_per_row_mobile=&#8221;2&#8243; fixed_column_width=&#8221;&#8221; gutter=&#8221;20&#8243; item_margin_bottom=&#8221;20&#8243; enable_separator=&#8221;&#8221; heading_color=&#8221;#e35157&#8243; heading_color_hover=&#8221;#e35157&#8243; heading_font_size=&#8221;14&#8243; heading_line_height=&#8221;21&#8243; heading_font_weight=&#8221;600&#8243; heading_tag=&#8221;p&#8221; heading_margin=&#8221;10px 0 0 0&#8243; text_color=&#8221;rgba(0,0,0,0.7)&#8221; text_line_height=&#8221;21&#8243; text_font_weight=&#8221;400&#8243; link_color=&#8221;&#8221; link_color_hover=&#8221;&#8221; link_font_weight=&#8221;400&#8243; icon_size=&#8221;64&#8243; icon_wrap_size=&#8221;64&#8243; icon_use_wrap=&#8221;&#8221; list_content=&#8221;%5B%7B%22icon_type%22%3A%22image%22%2C%22icon_openiconic%22%3A%22vc-oi%20vc-oi-dial%22%2C%22icon_typicons%22%3A%22typcn%20typcn-adjust-brightness%22%2C%22icon_entypo%22%3A%22entypo-icon%20entypo-icon-note%22%2C%22icon_linecons%22%3A%22vc_li%20vc_li-heart%22%2C%22custom_icon_img%22%3A%22861%22%2C%22feature_title%22%3A%22Yat%C4%B1r%C4%B1mc%C4%B1lar%22%2C%22feature_text%22%3A%22SKH&#8217;lerin%20ba%C5%9Far%C4%B1lmas%C4%B1%20i%C3%A7in%20sermaye%20da%C4%9F%C4%B1tmak%20isteyen%20%22%7D%2C%7B%22icon_type%22%3A%22image%22%2C%22icon_openiconic%22%3A%22vc-oi%20vc-oi-dial%22%2C%22icon_typicons%22%3A%22typcn%20typcn-adjust-brightness%22%2C%22icon_entypo%22%3A%22entypo-icon%20entypo-icon-note%22%2C%22icon_linecons%22%3A%22vc_li%20vc_li-heart%22%2C%22custom_icon_img%22%3A%22853%22%2C%22feature_title%22%3A%22Hay%C4%B1rsever%20Vak%C4%B1flar%22%2C%22feature_text%22%3A%22elde%20edilen%20SKH&#8217;yi%20etkinle%C5%9Ftiren%20etkiyi%20%C3%B6l%C3%A7mek%20ve%20ifade%20etmek%20isteyen%22%7D%2C%7B%22icon_type%22%3A%22image%22%2C%22icon_openiconic%22%3A%22vc-oi%20vc-oi-dial%22%2C%22icon_typicons%22%3A%22typcn%20typcn-adjust-brightness%22%2C%22icon_entypo%22%3A%22entypo-icon%20entypo-icon-note%22%2C%22icon_linecons%22%3A%22vc_li%20vc_li-heart%22%2C%22custom_icon_img%22%3A%22851%22%2C%22feature_title%22%3A%22%C3%96zel%20Sermaye%20Fonlar%C4%B1%2C%20Tahvil%20%C4%B0hra%C3%A7%C3%A7%C4%B1lar%C4%B1%20ve%20Te%C5%9Febb%C3%BCsleri%22%2C%22feature_text%22%3A%22dahili%20karar%20verme%20uygulamalar%C4%B1n%C4%B1%20SKH&#8217;lere%20katk%C4%B1da%20bulunmakla%20uyumlu%20hale%20getirmek%2C%20bu%20uyumu%20do%C4%9Frulamaak%20ve%20ba%C4%9F%C4%B1ms%C4%B1z%20g%C3%BCvence%20yoluyla%20iletmek%20isteyen%22%7D%2C%7B%22icon_type%22%3A%22image%22%2C%22icon_openiconic%22%3A%22vc-oi%20vc-oi-dial%22%2C%22icon_typicons%22%3A%22typcn%20typcn-adjust-brightness%22%2C%22icon_entypo%22%3A%22entypo-icon%20entypo-icon-note%22%2C%22icon_linecons%22%3A%22vc_li%20vc_li-heart%22%2C%22custom_icon_img%22%3A%22849%22%2C%22feature_title%22%3A%22Akademisyenler%22%2C%22feature_text%22%3A%22SKH%E2%80%99lerin%20Etki%20Standartlar%C4%B1n%C4%B1n%20karar%20verme%20%C3%A7er%C3%A7evesini%20geli%C5%9Ftirebilecek%20%C4%B0%C5%9Fletme%20Y%C3%B6netimi%20Y%C3%BCksek%20Lisans%C4%B1%20programlar%C4%B1%20da%20dahil%20olmak%20%C3%BCzere%20etki%20y%C3%B6netimi%20ve%20%C3%B6l%C3%A7%C3%BCm%20e%C4%9Fitiminden%20yararlanmak%20isteyen%22%7D%2C%7B%22icon_type%22%3A%22image%22%2C%22icon_openiconic%22%3A%22vc-oi%20vc-oi-dial%22%2C%22icon_typicons%22%3A%22typcn%20typcn-adjust-brightness%22%2C%22icon_entypo%22%3A%22entypo-icon%20entypo-icon-note%22%2C%22icon_linecons%22%3A%22vc_li%20vc_li-heart%22%2C%22custom_icon_img%22%3A%22855%22%2C%22feature_title%22%3A%22Dan%C4%B1%C5%9Fmanl%C4%B1k%20Firmalar%C4%B1%22%2C%22feature_text%22%3A%22akredite%20ba%C4%9F%C4%B1ms%C4%B1z%20g%C3%BCvence%20verenler%20olarak%20e%C4%9Fitim%20almak%20ve%20hareket%20etmek%20isteyen%22%7D%2C%7B%22icon_type%22%3A%22image%22%2C%22icon_openiconic%22%3A%22vc-oi%20vc-oi-dial%22%2C%22icon_typicons%22%3A%22typcn%20typcn-adjust-brightness%22%2C%22icon_entypo%22%3A%22entypo-icon%20entypo-icon-note%22%2C%22icon_linecons%22%3A%22vc_li%20vc_li-heart%22%2C%22custom_icon_img%22%3A%22857%22%2C%22feature_title%22%3A%22Kalk%C4%B1nma%20Finansman%C4%B1%20Kurumlar%C4%B1%22%2C%22feature_text%22%3A%22yerel%20yat%C4%B1r%C4%B1m%20f%C4%B1rsatlar%C4%B1n%C4%B1%20hedeflemek%20veya%20SDG%20ile%20ilgili%20projeleri%20desteklemek%20i%C3%A7in%20ortaklar%20bulmak%20isteyen%22%7D%2C%7B%22icon_type%22%3A%22image%22%2C%22icon_openiconic%22%3A%22vc-oi%20vc-oi-dial%22%2C%22icon_typicons%22%3A%22typcn%20typcn-adjust-brightness%22%2C%22icon_entypo%22%3A%22entypo-icon%20entypo-icon-note%22%2C%22icon_linecons%22%3A%22vc_li%20vc_li-heart%22%2C%22custom_icon_img%22%3A%22859%22%2C%22feature_title%22%3A%22H%C3%BCk%C3%BCmetler%22%2C%22feature_text%22%3A%22%C3%B6zel%20yat%C4%B1r%C4%B1mlar%C4%B1%20%C3%A7ekerek%20toplumlar%C4%B1n%C4%B1%20geli%C5%9Ftirmek%20isteyen%22%7D%5D&#8221; css=&#8221;.vc_custom_1641036399815{margin-top: 0px !important;margin-right: 0px !important;margin-bottom: 0px !important;margin-left: 0px !important;padding-top: 0px !important;padding-right: 0px !important;padding-bottom: 0px !important;padding-left: 0px !important;}&#8221;][\/vc_column][\/vc_row][\/vc_section]<\/p>\n","protected":false},"excerpt":{"rendered":"<p>[vc_section full_width=&#8221;stretch_row&#8221; css=&#8221;.vc_custom_1641043601904{margin-top: -35px !important;margin-right: 0px !important;margin-bottom: 0px !important;margin-left: 0px !important;border-top-width: 0px !important;border-right-width: 0px !important;border-bottom-width: 0px !important;border-left-width: 0px !important;padding-top: 0px [&hellip;]<\/p>\n","protected":false},"author":1,"featured_media":0,"parent":0,"menu_order":0,"comment_status":"closed","ping_status":"closed","template":"","meta":{"footnotes":""},"class_list":["post-866","page","type-page","status-publish","hentry"],"_links":{"self":[{"href":"https:\/\/sdg.eydk.org\/tr\/wp-json\/wp\/v2\/pages\/866","targetHints":{"allow":["GET"]}}],"collection":[{"href":"https:\/\/sdg.eydk.org\/tr\/wp-json\/wp\/v2\/pages"}],"about":[{"href":"https:\/\/sdg.eydk.org\/tr\/wp-json\/wp\/v2\/types\/page"}],"author":[{"embeddable":true,"href":"https:\/\/sdg.eydk.org\/tr\/wp-json\/wp\/v2\/users\/1"}],"replies":[{"embeddable":true,"href":"https:\/\/sdg.eydk.org\/tr\/wp-json\/wp\/v2\/comments?post=866"}],"version-history":[{"count":6,"href":"https:\/\/sdg.eydk.org\/tr\/wp-json\/wp\/v2\/pages\/866\/revisions"}],"predecessor-version":[{"id":1121,"href":"https:\/\/sdg.eydk.org\/tr\/wp-json\/wp\/v2\/pages\/866\/revisions\/1121"}],"wp:attachment":[{"href":"https:\/\/sdg.eydk.org\/tr\/wp-json\/wp\/v2\/media?parent=866"}],"curies":[{"name":"wp","href":"https:\/\/api.w.org\/{rel}","templated":true}]}}