{"id":828,"date":"2021-12-30T09:00:39","date_gmt":"2021-12-30T09:00:39","guid":{"rendered":"https:\/\/sdg.eydk.org\/?page_id=828"},"modified":"2022-01-19T01:14:48","modified_gmt":"2022-01-19T01:14:48","slug":"yatirim-firsati-alanlarini-kesfedin","status":"publish","type":"page","link":"https:\/\/sdg.eydk.org\/tr\/yatirim-firsati-alanlarini-kesfedin\/","title":{"rendered":"Yat\u0131r\u0131m F\u0131rsat\u0131 Alanlar\u0131n\u0131 Ke\u015ffedin"},"content":{"rendered":"<p>[vc_section full_width=&#8221;stretch_row&#8221; css=&#8221;.vc_custom_1637379212188{margin-top: 0px !important;margin-right: 0px !important;margin-bottom: 0px !important;margin-left: 0px !important;border-top-width: 0px !important;border-right-width: 0px !important;border-bottom-width: 0px !important;border-left-width: 0px !important;padding-top: 0px !important;padding-bottom: 0px !important;}&#8221; el_id=&#8221;sectors&#8221;][vc_row css=&#8221;.vc_custom_1637521791674{margin-top: 50px !important;margin-right: 0px !important;margin-bottom: 50px !important;margin-left: 0px !important;border-top-width: 0px !important;border-right-width: 0px !important;border-bottom-width: 0px !important;border-left-width: 0px !important;padding-top: 0px !important;padding-bottom: 0px !important;}&#8221;][vc_column css=&#8221;.vc_custom_1637379351247{margin: 0px !important;padding: 0px !important;border: 0px initial !important;}&#8221;][vc_custom_heading text=&#8221;Yat\u0131r\u0131m F\u0131rsat\u0131 Alanlar\u0131n\u0131 Ke\u015ffedin&#8221; font_container=&#8221;tag:h2|font_size:30px|text_align:center|color:%23000000|line_height:1.3&#8243; use_theme_fonts=&#8221;yes&#8221; css=&#8221;.vc_custom_1640854836210{margin-top: 0px !important;margin-right: 0px !important;margin-bottom: 0px !important;margin-left: 0px !important;border-top-width: 0px !important;border-right-width: 0px !important;border-bottom-width: 0px !important;border-left-width: 0px !important;padding-top: 0px !important;padding-right: 0px !important;padding-bottom: 0px !important;padding-left: 0px !important;}&#8221;][vc_column_text css=&#8221;.vc_custom_1642554884226{margin-top: 0px !important;margin-right: 0px !important;margin-bottom: 0px !important;margin-left: 0px !important;padding-top: 0px !important;padding-right: 0px !important;padding-bottom: 0px !important;padding-left: 0px !important;}&#8221; text_color=&#8221;rgba(0,0,0,0.85)&#8221; links_color=&#8221;#e35157&#8243; links_color_hover=&#8221;#000000&#8243; font_size=&#8221;16&#8243; line_height=&#8221;24&#8243;]<\/p>\n<p style=\"text-align: center;\">Yat\u0131r\u0131m F\u0131rsat Alanlar\u0131 (YFA&#8217;lar), ba\u011f\u0131ms\u0131z ara\u015ft\u0131rmalara, h\u00fck\u00fcmet ve \u00f6zel sekt\u00f6r payda\u015flar\u0131yla yap\u0131lan g\u00f6r\u00fc\u015fmelere dayanan de\u011ferli piyasa bilgileridir.<\/p>\n<p>[\/vc_column_text][\/vc_column][\/vc_row][\/vc_section]<\/p>\n","protected":false},"excerpt":{"rendered":"<p>[vc_section full_width=&#8221;stretch_row&#8221; css=&#8221;.vc_custom_1637379212188{margin-top: 0px !important;margin-right: 0px !important;margin-bottom: 0px !important;margin-left: 0px !important;border-top-width: 0px !important;border-right-width: 0px !important;border-bottom-width: 0px !important;border-left-width: 0px !important;padding-top: 0px [&hellip;]<\/p>\n","protected":false},"author":1,"featured_media":0,"parent":0,"menu_order":0,"comment_status":"closed","ping_status":"closed","template":"template-map.php","meta":{"footnotes":""},"class_list":["post-828","page","type-page","status-publish","hentry"],"_links":{"self":[{"href":"https:\/\/sdg.eydk.org\/tr\/wp-json\/wp\/v2\/pages\/828","targetHints":{"allow":["GET"]}}],"collection":[{"href":"https:\/\/sdg.eydk.org\/tr\/wp-json\/wp\/v2\/pages"}],"about":[{"href":"https:\/\/sdg.eydk.org\/tr\/wp-json\/wp\/v2\/types\/page"}],"author":[{"embeddable":true,"href":"https:\/\/sdg.eydk.org\/tr\/wp-json\/wp\/v2\/users\/1"}],"replies":[{"embeddable":true,"href":"https:\/\/sdg.eydk.org\/tr\/wp-json\/wp\/v2\/comments?post=828"}],"version-history":[{"count":4,"href":"https:\/\/sdg.eydk.org\/tr\/wp-json\/wp\/v2\/pages\/828\/revisions"}],"predecessor-version":[{"id":1117,"href":"https:\/\/sdg.eydk.org\/tr\/wp-json\/wp\/v2\/pages\/828\/revisions\/1117"}],"wp:attachment":[{"href":"https:\/\/sdg.eydk.org\/tr\/wp-json\/wp\/v2\/media?parent=828"}],"curies":[{"name":"wp","href":"https:\/\/api.w.org\/{rel}","templated":true}]}}