{"id":822,"date":"2021-12-30T08:58:33","date_gmt":"2021-12-30T08:58:33","guid":{"rendered":"https:\/\/sdg.eydk.org\/?page_id=822"},"modified":"2022-01-01T12:46:31","modified_gmt":"2022-01-01T12:46:31","slug":"piyasa-zaman-dilimi","status":"publish","type":"page","link":"https:\/\/sdg.eydk.org\/tr\/piyasa-zaman-dilimi\/","title":{"rendered":"Piyasa Zaman Dilimi"},"content":{"rendered":"<p>[vc_section full_width=&#8221;stretch_row&#8221; css=&#8221;.vc_custom_1637499988338{margin-top: 0px !important;margin-right: 0px !important;margin-bottom: 0px !important;margin-left: 0px !important;border-top-width: 0px !important;border-right-width: 0px !important;border-bottom-width: 0px !important;border-left-width: 0px !important;padding-top: 0px !important;padding-bottom: 0px !important;}&#8221;][vc_row full_width=&#8221;stretch_row&#8221; css=&#8221;.vc_custom_1637521715154{margin-top: 0px !important;margin-right: 0px !important;margin-bottom: 0px !important;margin-left: 0px !important;border-top-width: 0px !important;border-right-width: 0px !important;border-bottom-width: 0px !important;border-left-width: 0px !important;padding-top: 50px !important;padding-bottom: 0px !important;}&#8221;][vc_column css=&#8221;.vc_custom_1637500011840{margin: 0px !important;padding: 0px !important;border: 0px initial !important;}&#8221;][vc_custom_heading text=&#8221;Piyasa Zaman Dilimi&#8221; font_container=&#8221;tag:h2|font_size:30px|text_align:center|color:%23000000|line_height:1.5&#8243; use_theme_fonts=&#8221;yes&#8221; css=&#8221;.vc_custom_1640854722313{margin-top: 0px !important;margin-right: 0px !important;margin-bottom: 0px !important;margin-left: 0px !important;padding-top: 0px !important;padding-right: 0px !important;padding-bottom: 0px !important;padding-left: 0px !important;}&#8221;][vc_column_text css=&#8221;.vc_custom_1641041189690{margin-top: 0px !important;margin-right: 0px !important;margin-bottom: 0px !important;margin-left: 0px !important;padding-top: 0px !important;padding-right: 0px !important;padding-bottom: 0px !important;padding-left: 0px !important;}&#8221; text_color=&#8221;rgba(0,0,0,0.85)&#8221; links_color=&#8221;#e35157&#8243; links_color_hover=&#8221;#000000&#8243; font_size=&#8221;16&#8243; line_height=&#8221;24&#8243;]<\/p>\n<p style=\"text-align: center;\">YFA\u2019n\u0131n potansiyel eri\u015filebilir pazar\u0131n\u0131n de\u011ferini a\u00e7\u0131klar. YFAi\u00e7in pazar b\u00fcy\u00fckl\u00fc\u011f\u00fc, USD cinsinden de\u011fer belirlenerek, Bile\u015fik Y\u0131ll\u0131k B\u00fcy\u00fcme Oran\u0131 (CAGR) tan\u0131mlanarak veya YFA i\u00e7in kritik olan say\u0131sal bir birim sa\u011flanarak belirlenir.<\/p>\n<p>[\/vc_column_text][\/vc_column][\/vc_row][\/vc_section]<\/p>\n","protected":false},"excerpt":{"rendered":"<p>[vc_section full_width=&#8221;stretch_row&#8221; css=&#8221;.vc_custom_1637499988338{margin-top: 0px !important;margin-right: 0px !important;margin-bottom: 0px !important;margin-left: 0px !important;border-top-width: 0px !important;border-right-width: 0px !important;border-bottom-width: 0px !important;border-left-width: 0px !important;padding-top: 0px [&hellip;]<\/p>\n","protected":false},"author":1,"featured_media":0,"parent":0,"menu_order":0,"comment_status":"closed","ping_status":"closed","template":"template-market-size.php","meta":{"footnotes":""},"class_list":["post-822","page","type-page","status-publish","hentry"],"_links":{"self":[{"href":"https:\/\/sdg.eydk.org\/tr\/wp-json\/wp\/v2\/pages\/822","targetHints":{"allow":["GET"]}}],"collection":[{"href":"https:\/\/sdg.eydk.org\/tr\/wp-json\/wp\/v2\/pages"}],"about":[{"href":"https:\/\/sdg.eydk.org\/tr\/wp-json\/wp\/v2\/types\/page"}],"author":[{"embeddable":true,"href":"https:\/\/sdg.eydk.org\/tr\/wp-json\/wp\/v2\/users\/1"}],"replies":[{"embeddable":true,"href":"https:\/\/sdg.eydk.org\/tr\/wp-json\/wp\/v2\/comments?post=822"}],"version-history":[{"count":3,"href":"https:\/\/sdg.eydk.org\/tr\/wp-json\/wp\/v2\/pages\/822\/revisions"}],"predecessor-version":[{"id":922,"href":"https:\/\/sdg.eydk.org\/tr\/wp-json\/wp\/v2\/pages\/822\/revisions\/922"}],"wp:attachment":[{"href":"https:\/\/sdg.eydk.org\/tr\/wp-json\/wp\/v2\/media?parent=822"}],"curies":[{"name":"wp","href":"https:\/\/api.w.org\/{rel}","templated":true}]}}