{"id":817,"date":"2021-12-30T08:55:25","date_gmt":"2021-12-30T08:55:25","guid":{"rendered":"https:\/\/sdg.eydk.org\/?page_id=817"},"modified":"2022-01-01T12:38:53","modified_gmt":"2022-01-01T12:38:53","slug":"yatirim-zaman-dilimi","status":"publish","type":"page","link":"https:\/\/sdg.eydk.org\/tr\/yatirim-zaman-dilimi\/","title":{"rendered":"Yat\u0131r\u0131m Zaman Dilimi"},"content":{"rendered":"<p>[vc_section full_width=&#8221;stretch_row&#8221; css=&#8221;.vc_custom_1637499988338{margin-top: 0px !important;margin-right: 0px !important;margin-bottom: 0px !important;margin-left: 0px !important;border-top-width: 0px !important;border-right-width: 0px !important;border-bottom-width: 0px !important;border-left-width: 0px !important;padding-top: 0px !important;padding-bottom: 0px !important;}&#8221;][vc_row full_width=&#8221;stretch_row&#8221; css=&#8221;.vc_custom_1637521707862{margin-top: 0px !important;margin-right: 0px !important;margin-bottom: 0px !important;margin-left: 0px !important;border-top-width: 0px !important;border-right-width: 0px !important;border-bottom-width: 0px !important;border-left-width: 0px !important;padding-top: 50px !important;padding-bottom: 0px !important;}&#8221;][vc_column css=&#8221;.vc_custom_1637500011840{margin: 0px !important;padding: 0px !important;border: 0px initial !important;}&#8221;][vc_custom_heading text=&#8221;Yat\u0131r\u0131m Zaman Dilimi&#8221; font_container=&#8221;tag:h2|font_size:30px|text_align:center|color:%23000000|line_height:1.5&#8243; use_theme_fonts=&#8221;yes&#8221; css=&#8221;.vc_custom_1641040731782{margin-top: 0px !important;margin-right: 0px !important;margin-bottom: 0px !important;margin-left: 0px !important;padding-top: 0px !important;padding-right: 0px !important;padding-bottom: 0px !important;padding-left: 0px !important;}&#8221;][vc_column_text css=&#8221;.vc_custom_1641040724338{margin-top: 0px !important;margin-right: 0px !important;margin-bottom: 0px !important;margin-left: 0px !important;padding-top: 0px !important;padding-right: 0px !important;padding-bottom: 0px !important;padding-left: 0px !important;}&#8221; text_color=&#8221;rgba(0,0,0,0.85)&#8221; links_color=&#8221;#e35157&#8243; links_color_hover=&#8221;#000000&#8243; font_size=&#8221;16&#8243; line_height=&#8221;24&#8243;]<\/p>\n<p style=\"text-align: center;\">YFA&#8217;n\u0131n yat\u0131r\u0131lan kaynaklar\u0131 geri \u00f6deyece\u011fi s\u00fcreyi tan\u0131mlar. Tahminler, YFA birikmi\u015f pozitif nakit ak\u0131\u015flar\u0131 \u00fcretmeye ba\u015flayaca\u011f\u0131 i\u00e7in, varl\u0131\u011f\u0131n beklenen \u00f6mr\u00fcne dayanmaktad\u0131r.<\/p>\n<p>[\/vc_column_text][\/vc_column][\/vc_row][\/vc_section]<\/p>\n","protected":false},"excerpt":{"rendered":"<p>[vc_section full_width=&#8221;stretch_row&#8221; css=&#8221;.vc_custom_1637499988338{margin-top: 0px !important;margin-right: 0px !important;margin-bottom: 0px !important;margin-left: 0px !important;border-top-width: 0px !important;border-right-width: 0px !important;border-bottom-width: 0px !important;border-left-width: 0px !important;padding-top: 0px [&hellip;]<\/p>\n","protected":false},"author":1,"featured_media":0,"parent":0,"menu_order":0,"comment_status":"closed","ping_status":"closed","template":"template-investment-timeframe.php","meta":{"footnotes":""},"class_list":["post-817","page","type-page","status-publish","hentry"],"_links":{"self":[{"href":"https:\/\/sdg.eydk.org\/tr\/wp-json\/wp\/v2\/pages\/817","targetHints":{"allow":["GET"]}}],"collection":[{"href":"https:\/\/sdg.eydk.org\/tr\/wp-json\/wp\/v2\/pages"}],"about":[{"href":"https:\/\/sdg.eydk.org\/tr\/wp-json\/wp\/v2\/types\/page"}],"author":[{"embeddable":true,"href":"https:\/\/sdg.eydk.org\/tr\/wp-json\/wp\/v2\/users\/1"}],"replies":[{"embeddable":true,"href":"https:\/\/sdg.eydk.org\/tr\/wp-json\/wp\/v2\/comments?post=817"}],"version-history":[{"count":4,"href":"https:\/\/sdg.eydk.org\/tr\/wp-json\/wp\/v2\/pages\/817\/revisions"}],"predecessor-version":[{"id":919,"href":"https:\/\/sdg.eydk.org\/tr\/wp-json\/wp\/v2\/pages\/817\/revisions\/919"}],"wp:attachment":[{"href":"https:\/\/sdg.eydk.org\/tr\/wp-json\/wp\/v2\/media?parent=817"}],"curies":[{"name":"wp","href":"https:\/\/api.w.org\/{rel}","templated":true}]}}