{"id":807,"date":"2021-12-30T02:13:04","date_gmt":"2021-12-30T02:13:04","guid":{"rendered":"https:\/\/sdg.eydk.org\/?page_id=807"},"modified":"2022-01-19T01:19:23","modified_gmt":"2022-01-19T01:19:23","slug":"sorumluluk-reddi","status":"publish","type":"page","link":"https:\/\/sdg.eydk.org\/tr\/sorumluluk-reddi\/","title":{"rendered":"Sorumluluk Reddi"},"content":{"rendered":"<p>[vc_row full_width=&#8221;stretch_row&#8221; css=&#8221;.vc_custom_1640830345108{margin-top: 0px !important;margin-right: 0px !important;margin-bottom: 0px !important;margin-left: 0px !important;border-top-width: 0px !important;border-right-width: 0px !important;border-bottom-width: 0px !important;border-left-width: 0px !important;padding-top: 30px !important;padding-bottom: 30px !important;}&#8221;][vc_column][vc_custom_heading source=&#8221;post_title&#8221; font_container=&#8221;tag:h2|font_size:24px|text_align:center|color:rgba(0%2C0%2C0%2C0.7)|line_height:1.5&#8243; use_theme_fonts=&#8221;yes&#8221; css=&#8221;.vc_custom_1640830334850{margin-top: 0px !important;margin-right: 0px !important;margin-bottom: 30px !important;margin-left: 0px !important;padding-top: 0px !important;padding-right: 0px !important;padding-bottom: 0px !important;padding-left: 0px !important;}&#8221;][vc_column_text css=&#8221;.vc_custom_1642555161183{margin-top: 10px !important;margin-right: 10px !important;margin-bottom: 10px !important;margin-left: 10px !important;padding-top: 0px !important;padding-right: 0px !important;padding-bottom: 0px !important;padding-left: 0px !important;}&#8221;]SKA Yat\u0131r\u0131mlar\u0131 T\u00fcrkiye Platformu, UNDP veya ba\u011fl\u0131 kurulu\u015flar\u0131 (t\u00fcm UNDP); bu sitede veya d\u0131\u015f\u0131ndaki herhangi bir programda (t\u00fcm programlar) a\u00e7\u0131klanan programlar, projeler veya f\u0131rsatlar i\u00e7in yat\u0131r\u0131m aramamakta veya talep etmemektedir. Bu platformdaki a\u00e7\u0131klamalar, UNDP&#8217;nin daha \u00f6nce y\u00fcr\u00fctt\u00fc\u011f\u00fc yat\u0131r\u0131mla ilgili \u00e7al\u0131\u015fmalar\u0131n \u00f6rnekleri olarak yaln\u0131zca bilgi de\u011feri i\u00e7in verilmi\u015ftir. UNDP; taraf\u0131ndan yap\u0131lan, ima edilen veya tahmin edilen tavsiyelerden do\u011frudan veya dolayl\u0131 olarak kaynaklanan yat\u0131r\u0131m kay\u0131plar\u0131 i\u00e7in hi\u00e7bir sorumluluk kabul etmez. Ayn\u0131 \u015fekilde, UNDP; yapt\u0131\u011f\u0131, z\u0131mni veya ara\u015ft\u0131rmas\u0131ndan \u00e7\u0131kan yat\u0131r\u0131m tavsiyelerini takip ederek elde edilen ticari karlardan, yat\u0131r\u0131m y\u00f6netimi ve ya dan\u0131\u015fmanl\u0131k \u00fccretlerinden do\u011frudan veya dolayl\u0131 olarak kaynaklanan yat\u0131r\u0131m kazan\u00e7lar\u0131 \u00fczerinde hi\u00e7bir iddiada bulunmaz. Yat\u0131r\u0131mlar risk i\u00e7erir ve t\u00fcm yat\u0131r\u0131mlar profesyonel bir yat\u0131r\u0131m y\u00f6neticisi veya dan\u0131\u015fman g\u00f6zetiminde yap\u0131lmal\u0131d\u0131r. Web sitesindeki materyaller, herhangi bir yat\u0131r\u0131m, g\u00fcvenlik veya emtia sat\u0131n almak i\u00e7in bir teklif niteli\u011fi ta\u015f\u0131maz ve bu teklifin s\u00f6z konusu yarg\u0131 alan\u0131n\u0131n menkul k\u0131ymetler yasalar\u0131 uyar\u0131nca yasa d\u0131\u015f\u0131 olaca\u011f\u0131 herhangi bir yarg\u0131 alan\u0131nda herhangi bir ki\u015fiye herhangi bir g\u00fcvenlik teklif edilmeyecek veya sat\u0131lmayacakt\u0131r.[\/vc_column_text][vc_column_text css=&#8221;.vc_custom_1641857898496{margin-top: 10px !important;margin-right: 10px !important;margin-bottom: 10px !important;margin-left: 10px !important;padding-top: 0px !important;padding-right: 0px !important;padding-bottom: 0px !important;padding-left: 0px !important;}&#8221;]Bu platformda yer alan bilgiler, \u00fcr\u00fcnler al\u0131m sat\u0131m ama\u00e7l\u0131 veya finansal, yat\u0131r\u0131m, vergi, yasal, muhasebe ya da di\u011fer konularda tavsiye ve teklif niteli\u011fi ta\u015f\u0131maz. Burada yer alan hususlar sadece bilgilendirme ama\u00e7l\u0131 olup, bu bilgilere dayanarak yap\u0131lan i\u015flemlerden do\u011facak do\u011frudan veya dolayl\u0131 her t\u00fcrl\u00fc maddi veya manevi zarar ve masraftan, her ne \u015fekilde olursa olsun \u00fc\u00e7\u00fcnc\u00fc ki\u015filerin u\u011frayabilece\u011fi her t\u00fcrl\u00fc zarar ve masraftan dolay\u0131 Etki Yat\u0131r\u0131m\u0131 Derne\u011fi, EYDK ve EYDK \u00dcyeleri sorumlu tutulamaz. Bu siteden di\u011fer sitelere kurulan ba\u011flant\u0131lar sadece kolayl\u0131k sa\u011flamak amac\u0131yla sunulmaktad\u0131r. Burada bulunan hi\u00e7bir veri veya bilgi ile ilgili olarak \u00f6nceden yaz\u0131l\u0131 izin almadan kopyalama, de\u011fi\u015ftirme, yeniden bi\u00e7imlendirme, indirme, depolama, yeniden olu\u015fturma, yeniden i\u015fleme, iletme ya da yeniden da\u011f\u0131tma i\u015flemi yapmayaca\u011f\u0131n\u0131z\u0131 ve bu veri veya bilgileri ticari bir kurumda kullanmayaca\u011f\u0131n\u0131z\u0131 kabul edersiniz.[\/vc_column_text][\/vc_column][\/vc_row]<\/p>\n","protected":false},"excerpt":{"rendered":"<p>[vc_row full_width=&#8221;stretch_row&#8221; css=&#8221;.vc_custom_1640830345108{margin-top: 0px !important;margin-right: 0px !important;margin-bottom: 0px !important;margin-left: 0px !important;border-top-width: 0px !important;border-right-width: 0px !important;border-bottom-width: 0px !important;border-left-width: 0px !important;padding-top: 30px [&hellip;]<\/p>\n","protected":false},"author":1,"featured_media":0,"parent":0,"menu_order":0,"comment_status":"closed","ping_status":"closed","template":"","meta":{"footnotes":""},"class_list":["post-807","page","type-page","status-publish","hentry"],"_links":{"self":[{"href":"https:\/\/sdg.eydk.org\/tr\/wp-json\/wp\/v2\/pages\/807","targetHints":{"allow":["GET"]}}],"collection":[{"href":"https:\/\/sdg.eydk.org\/tr\/wp-json\/wp\/v2\/pages"}],"about":[{"href":"https:\/\/sdg.eydk.org\/tr\/wp-json\/wp\/v2\/types\/page"}],"author":[{"embeddable":true,"href":"https:\/\/sdg.eydk.org\/tr\/wp-json\/wp\/v2\/users\/1"}],"replies":[{"embeddable":true,"href":"https:\/\/sdg.eydk.org\/tr\/wp-json\/wp\/v2\/comments?post=807"}],"version-history":[{"count":3,"href":"https:\/\/sdg.eydk.org\/tr\/wp-json\/wp\/v2\/pages\/807\/revisions"}],"predecessor-version":[{"id":1120,"href":"https:\/\/sdg.eydk.org\/tr\/wp-json\/wp\/v2\/pages\/807\/revisions\/1120"}],"wp:attachment":[{"href":"https:\/\/sdg.eydk.org\/tr\/wp-json\/wp\/v2\/media?parent=807"}],"curies":[{"name":"wp","href":"https:\/\/api.w.org\/{rel}","templated":true}]}}